{"id":246850,"date":"2022-01-20T14:53:50","date_gmt":"2022-01-20T13:53:50","guid":{"rendered":"https:\/\/relaunch.buhmann.com\/business-units\/"},"modified":"2024-03-11T09:36:49","modified_gmt":"2024-03-11T08:36:49","slug":"business-units","status":"publish","type":"page","link":"https:\/\/buhmann.com\/en\/business-units\/","title":{"rendered":"Business Units"},"content":{"rendered":"<p>[et_pb_section fb_built=&#8221;1&#8243; _builder_version=&#8221;4.12.1&#8243; max_width=&#8221;1920px&#8221; module_alignment=&#8221;center&#8221; custom_padding=&#8221;35px||35px|||&#8221; global_colors_info=&#8221;{}&#8221;][et_pb_row _builder_version=&#8221;4.14.5&#8243; background_size=&#8221;initial&#8221; background_position=&#8221;top_left&#8221; background_repeat=&#8221;repeat&#8221; module_alignment=&#8221;center&#8221; custom_padding=&#8221;||0px|||&#8221; global_colors_info=&#8221;{}&#8221;][et_pb_column type=&#8221;4_4&#8243; _builder_version=&#8221;3.25&#8243; custom_padding=&#8221;|||&#8221; pac_dcm_carousel_specific_module_num=&#8221;0&#8243; global_colors_info=&#8221;{}&#8221; custom_padding__hover=&#8221;|||&#8221;][et_pb_text _builder_version=&#8221;4.14.5&#8243; header_text_color=&#8221;#004284&#8243; background_size=&#8221;initial&#8221; background_position=&#8221;top_left&#8221; background_repeat=&#8221;repeat&#8221; global_colors_info=&#8221;{}&#8221;]<\/p>\n<h1>Gesch\u00e4ftsbereiche<\/h1>\n<p>[\/et_pb_text][et_pb_text _builder_version=&#8221;4.14.5&#8243; _module_preset=&#8221;default&#8221; custom_margin=&#8221;||20px|||&#8221; hover_enabled=&#8221;0&#8243; global_colors_info=&#8221;{}&#8221; sticky_enabled=&#8221;0&#8243;]<\/p>\n<p>Die Firma BUHMANN SYSTEME GmbH gliedert sich in 3 Gesch\u00e4ftsbereiche. Neben dem gr\u00f6\u00dften Gesch\u00e4ftsbereich PAC SOLUTIONS, bietet BUHMANN auch Lohnfertigung und Formenbau f\u00fcr die Silikon Verarbeitung an.<\/p>\n<p>[\/et_pb_text][\/et_pb_column][\/et_pb_row][et_pb_row _builder_version=&#8221;4.14.5&#8243; _module_preset=&#8221;default&#8221; custom_margin=&#8221;|auto|-42px|auto||&#8221; custom_padding=&#8221;9px|||||&#8221; global_colors_info=&#8221;{}&#8221;][et_pb_column type=&#8221;4_4&#8243; _builder_version=&#8221;4.14.5&#8243; _module_preset=&#8221;default&#8221; pac_dcm_carousel_specific_module_num=&#8221;0&#8243; global_colors_info=&#8221;{}&#8221;][et_pb_text _builder_version=&#8221;4.14.5&#8243; header_text_color=&#8221;#004284&#8243; background_size=&#8221;initial&#8221; background_position=&#8221;top_left&#8221; background_repeat=&#8221;repeat&#8221; global_colors_info=&#8221;{}&#8221;][\/et_pb_text][\/et_pb_column][\/et_pb_row][et_pb_row column_structure=&#8221;1_3,1_3,1_3&#8243; use_custom_gutter=&#8221;on&#8221; gutter_width=&#8221;2&#8243; make_equal=&#8221;on&#8221; custom_padding_last_edited=&#8221;on|desktop&#8221; _builder_version=&#8221;4.14.5&#8243; background_size=&#8221;initial&#8221; background_position=&#8221;top_left&#8221; background_repeat=&#8221;repeat&#8221; module_alignment=&#8221;center&#8221; custom_padding=&#8221;||||false|false&#8221; custom_padding_tablet=&#8221;||||false|false&#8221; custom_padding_phone=&#8221;||||false|false&#8221; pac_drh_enable_stacking=&#8221;pac_drh_stack_row pac_drh_stack_mob_only&#8221; locked=&#8221;off&#8221; global_colors_info=&#8221;{}&#8221;][et_pb_column type=&#8221;1_3&#8243; _builder_version=&#8221;4.14.2&#8243; custom_padding=&#8221;|20px|20px|20px|false|true&#8221; pac_dcm_carousel_specific_module_num=&#8221;0&#8243; border_width_all=&#8221;1px&#8221; border_color_all=&#8221;#868686&#8243; global_colors_info=&#8221;{}&#8221; custom_padding__hover=&#8221;|||&#8221;][et_pb_blurb title=&#8221;PAC SOLUTIONS&#8221; image=&#8221;https:\/\/buhmann.com\/wp-content\/uploads\/2022\/01\/sammelpacker-wraparound-trays-mit-deckel-c500-buhmann-pac-soultion-verpackungsmaschine.jpg&#8221; _builder_version=&#8221;4.14.5&#8243; _dynamic_attributes=&#8221;link_option_url&#8221; _module_preset=&#8221;default&#8221; header_font=&#8221;|600|||||||&#8221; custom_margin=&#8221;||||false|false&#8221; link_option_url=&#8221;@ET-DC@eyJkeW5hbWljIjp0cnVlLCJjb250ZW50IjoicG9zdF9saW5rX3VybF9wYWdlIiwic2V0dGluZ3MiOnsicG9zdF9pZCI6IjE0In19@&#8221; global_colors_info=&#8221;{}&#8221;]<\/p>\n<p>Endverpackungsmaschinen | Abf\u00fcllanlagen | Automatisierungssysteme<\/p>\n<p>[\/et_pb_blurb][et_pb_button button_url=&#8221;@ET-DC@eyJkeW5hbWljIjp0cnVlLCJjb250ZW50IjoicG9zdF9saW5rX3VybF9wYWdlIiwic2V0dGluZ3MiOnsicG9zdF9pZCI6IjE1NDYifX0=@&#8221; button_text=&#8221;read more&#8221; _builder_version=&#8221;4.14.5&#8243; _dynamic_attributes=&#8221;button_url&#8221; _module_preset=&#8221;default&#8221; global_colors_info=&#8221;{}&#8221;][\/et_pb_button][\/et_pb_column][et_pb_column type=&#8221;1_3&#8243; _builder_version=&#8221;4.14.2&#8243; _module_preset=&#8221;default&#8221; custom_padding=&#8221;|20px|20px|20px|false|true&#8221; pac_dcm_carousel_specific_module_num=&#8221;0&#8243; border_width_all=&#8221;1px&#8221; border_color_all=&#8221;#868686&#8243; global_colors_info=&#8221;{}&#8221;][et_pb_blurb title=&#8221;LOHNFERTIGUNG&#8221; image=&#8221;https:\/\/buhmann.com\/wp-content\/uploads\/2021\/12\/MMR2109-online.jpg&#8221; _builder_version=&#8221;4.14.5&#8243; _dynamic_attributes=&#8221;link_option_url&#8221; _module_preset=&#8221;default&#8221; header_font=&#8221;|600|||||||&#8221; custom_margin=&#8221;25px||||false|false&#8221; link_option_url=&#8221;@ET-DC@eyJkeW5hbWljIjp0cnVlLCJjb250ZW50IjoicG9zdF9saW5rX3VybF9wYWdlIiwic2V0dGluZ3MiOnsicG9zdF9pZCI6IjE1NDYifX0=@&#8221; global_colors_info=&#8221;{}&#8221;]<\/p>\n<p>Dreh- &amp; Fr\u00e4steile | Baugruppen Montage| Schaltschrankbau<\/p>\n<p>[\/et_pb_blurb][et_pb_button button_url=&#8221;@ET-DC@eyJkeW5hbWljIjp0cnVlLCJjb250ZW50IjoicG9zdF9saW5rX3VybF9wYWdlIiwic2V0dGluZ3MiOnsicG9zdF9pZCI6IjE1NDYifX0=@&#8221; button_text=&#8221;read more&#8221; _builder_version=&#8221;4.14.5&#8243; _dynamic_attributes=&#8221;button_url&#8221; _module_preset=&#8221;default&#8221; global_colors_info=&#8221;{}&#8221;][\/et_pb_button][\/et_pb_column][et_pb_column type=&#8221;1_3&#8243; _builder_version=&#8221;3.25&#8243; custom_padding=&#8221;|20px|20px|20px|false|true&#8221; pac_dcm_carousel_specific_module_num=&#8221;0&#8243; border_width_all=&#8221;1px&#8221; border_color_all=&#8221;#868686&#8243; global_colors_info=&#8221;{}&#8221; custom_padding__hover=&#8221;|||&#8221;][et_pb_blurb title=&#8221;WERKZEUG &#038; FORMENBAU&#8221; image=&#8221;https:\/\/buhmann.com\/wp-content\/uploads\/2021\/12\/MMR2188-online.jpg&#8221; _builder_version=&#8221;4.14.5&#8243; _dynamic_attributes=&#8221;link_option_url&#8221; _module_preset=&#8221;default&#8221; header_font=&#8221;|600|||||||&#8221; custom_margin=&#8221;25px||||false|false&#8221; link_option_url=&#8221;@ET-DC@eyJkeW5hbWljIjp0cnVlLCJjb250ZW50IjoicG9zdF9saW5rX3VybF9wYWdlIiwic2V0dGluZ3MiOnsicG9zdF9pZCI6IjE1MjMifX0=@&#8221; global_colors_info=&#8221;{}&#8221;]<\/p>\n<p>LSR | HTV (HCR) | 2K | Vorrichtungen<\/p>\n<p>[\/et_pb_blurb][et_pb_button button_url=&#8221;@ET-DC@eyJkeW5hbWljIjp0cnVlLCJjb250ZW50IjoicG9zdF9saW5rX3VybF9wYWdlIiwic2V0dGluZ3MiOnsicG9zdF9pZCI6IjE1MjMifX0=@&#8221; button_text=&#8221;read more&#8221; _builder_version=&#8221;4.14.5&#8243; _dynamic_attributes=&#8221;button_url&#8221; _module_preset=&#8221;default&#8221; global_colors_info=&#8221;{}&#8221;][\/et_pb_button][\/et_pb_column][\/et_pb_row][\/et_pb_section]<\/p>\n","protected":false},"excerpt":{"rendered":"<p>[et_pb_section fb_built=&#8221;1&#8243; _builder_version=&#8221;4.12.1&#8243; max_width=&#8221;1920px&#8221; module_alignment=&#8221;center&#8221; custom_padding=&#8221;35px||35px|||&#8221; global_colors_info=&#8221;{}&#8221;][et_pb_row _builder_version=&#8221;4.14.5&#8243; background_size=&#8221;initial&#8221; background_position=&#8221;top_left&#8221; background_repeat=&#8221;repeat&#8221; module_alignment=&#8221;center&#8221; custom_padding=&#8221;||0px|||&#8221; global_colors_info=&#8221;{}&#8221;][et_pb_column type=&#8221;4_4&#8243; _builder_version=&#8221;3.25&#8243; custom_padding=&#8221;|||&#8221; pac_dcm_carousel_specific_module_num=&#8221;0&#8243; global_colors_info=&#8221;{}&#8221; custom_padding__hover=&#8221;|||&#8221;][et_pb_text _builder_version=&#8221;4.14.5&#8243; header_text_color=&#8221;#004284&#8243; background_size=&#8221;initial&#8221; background_position=&#8221;top_left&#8221; background_repeat=&#8221;repeat&#8221; global_colors_info=&#8221;{}&#8221;] Gesch\u00e4ftsbereiche [\/et_pb_text][et_pb_text _builder_version=&#8221;4.14.5&#8243; _module_preset=&#8221;default&#8221; custom_margin=&#8221;||20px|||&#8221; hover_enabled=&#8221;0&#8243; global_colors_info=&#8221;{}&#8221; sticky_enabled=&#8221;0&#8243;] Die Firma BUHMANN SYSTEME GmbH gliedert sich in 3 Gesch\u00e4ftsbereiche. Neben dem gr\u00f6\u00dften Gesch\u00e4ftsbereich PAC SOLUTIONS, bietet BUHMANN auch Lohnfertigung und [&hellip;]<\/p>\n","protected":false},"author":1,"featured_media":0,"parent":0,"menu_order":0,"comment_status":"closed","ping_status":"closed","template":"","meta":{"_et_pb_use_builder":"off","_et_pb_old_content":"","_et_gb_content_width":"","footnotes":""},"class_list":["post-246850","page","type-page","status-publish","hentry"],"_links":{"self":[{"href":"https:\/\/buhmann.com\/en\/wp-json\/wp\/v2\/pages\/246850","targetHints":{"allow":["GET"]}}],"collection":[{"href":"https:\/\/buhmann.com\/en\/wp-json\/wp\/v2\/pages"}],"about":[{"href":"https:\/\/buhmann.com\/en\/wp-json\/wp\/v2\/types\/page"}],"author":[{"embeddable":true,"href":"https:\/\/buhmann.com\/en\/wp-json\/wp\/v2\/users\/1"}],"replies":[{"embeddable":true,"href":"https:\/\/buhmann.com\/en\/wp-json\/wp\/v2\/comments?post=246850"}],"version-history":[{"count":2,"href":"https:\/\/buhmann.com\/en\/wp-json\/wp\/v2\/pages\/246850\/revisions"}],"predecessor-version":[{"id":248326,"href":"https:\/\/buhmann.com\/en\/wp-json\/wp\/v2\/pages\/246850\/revisions\/248326"}],"wp:attachment":[{"href":"https:\/\/buhmann.com\/en\/wp-json\/wp\/v2\/media?parent=246850"}],"curies":[{"name":"wp","href":"https:\/\/api.w.org\/{rel}","templated":true}]}}